{"id":3547,"date":"2022-08-09T21:00:20","date_gmt":"2022-08-09T21:00:20","guid":{"rendered":"https:\/\/www.aureumsaxophonquartett.com\/?page_id=3547"},"modified":"2022-08-09T21:31:08","modified_gmt":"2022-08-09T21:31:08","slug":"cd-golden-roots","status":"publish","type":"page","link":"https:\/\/www.aureumsaxophonquartett.com\/en\/home\/cd-golden-roots\/","title":{"rendered":"CD golden roots"},"content":{"rendered":"<div data-elementor-type=\"wp-page\" data-elementor-id=\"3547\" class=\"elementor elementor-3547\">\n\t\t\t\t\t\t<section class=\"elementor-section elementor-top-section elementor-element elementor-element-0654e32 elementor-section-stretched elementor-section-full_width elementor-section-height-default elementor-section-height-default\" data-id=\"0654e32\" data-element_type=\"section\" data-e-type=\"section\" data-settings=\"{&quot;stretch_section&quot;:&quot;section-stretched&quot;,&quot;background_background&quot;:&quot;classic&quot;}\">\n\t\t\t\t\t\t<div class=\"elementor-container elementor-column-gap-default\">\n\t\t\t\t\t<div class=\"elementor-column elementor-col-100 elementor-top-column elementor-element elementor-element-ffe58b4\" data-id=\"ffe58b4\" data-element_type=\"column\" data-e-type=\"column\" data-settings=\"{&quot;background_background&quot;:&quot;classic&quot;}\">\n\t\t\t<div class=\"elementor-widget-wrap elementor-element-populated\">\n\t\t\t\t\t\t<div class=\"elementor-element elementor-element-447e957 elementor-widget elementor-widget-heading\" data-id=\"447e957\" data-element_type=\"widget\" data-e-type=\"widget\" data-widget_type=\"heading.default\">\n\t\t\t\t<div class=\"elementor-widget-container\">\n\t\t\t\t\t<h2 class=\"elementor-heading-title elementor-size-default\">CDs<\/h2>\t\t\t\t<\/div>\n\t\t\t\t<\/div>\n\t\t\t\t<section class=\"elementor-section elementor-inner-section elementor-element elementor-element-d5413cd elementor-section-boxed elementor-section-height-default elementor-section-height-default\" data-id=\"d5413cd\" data-element_type=\"section\" data-e-type=\"section\">\n\t\t\t\t\t\t<div class=\"elementor-container elementor-column-gap-default\">\n\t\t\t\t\t<div class=\"elementor-column elementor-col-50 elementor-inner-column elementor-element elementor-element-2e543b7\" data-id=\"2e543b7\" data-element_type=\"column\" data-e-type=\"column\">\n\t\t\t<div class=\"elementor-widget-wrap elementor-element-populated\">\n\t\t\t\t\t\t<div class=\"elementor-element elementor-element-b3e7909 elementor-widget elementor-widget-image\" data-id=\"b3e7909\" data-element_type=\"widget\" data-e-type=\"widget\" data-widget_type=\"image.default\">\n\t\t\t\t<div class=\"elementor-widget-container\">\n\t\t\t\t\t\t\t\t\t\t\t\t\t\t\t<img fetchpriority=\"high\" decoding=\"async\" width=\"1024\" height=\"1024\" src=\"https:\/\/www.aureumsaxophonquartett.com\/wp-content\/uploads\/2022\/07\/Aureum-golden-roots-Komponisten-1024x1024.jpg\" class=\"attachment-large size-large wp-image-2311\" alt=\"\" srcset=\"https:\/\/www.aureumsaxophonquartett.com\/wp-content\/uploads\/2022\/07\/Aureum-golden-roots-Komponisten-1024x1024.jpg 1024w, https:\/\/www.aureumsaxophonquartett.com\/wp-content\/uploads\/2022\/07\/Aureum-golden-roots-Komponisten-300x300.jpg 300w, https:\/\/www.aureumsaxophonquartett.com\/wp-content\/uploads\/2022\/07\/Aureum-golden-roots-Komponisten-150x150.jpg 150w, https:\/\/www.aureumsaxophonquartett.com\/wp-content\/uploads\/2022\/07\/Aureum-golden-roots-Komponisten-768x768.jpg 768w, https:\/\/www.aureumsaxophonquartett.com\/wp-content\/uploads\/2022\/07\/Aureum-golden-roots-Komponisten-12x12.jpg 12w, https:\/\/www.aureumsaxophonquartett.com\/wp-content\/uploads\/2022\/07\/Aureum-golden-roots-Komponisten-600x600.jpg 600w, https:\/\/www.aureumsaxophonquartett.com\/wp-content\/uploads\/2022\/07\/Aureum-golden-roots-Komponisten-560x560.jpg 560w, https:\/\/www.aureumsaxophonquartett.com\/wp-content\/uploads\/2022\/07\/Aureum-golden-roots-Komponisten.jpg 1417w\" sizes=\"(max-width: 1024px) 100vw, 1024px\" \/>\t\t\t\t\t\t\t\t\t\t\t\t\t\t\t<\/div>\n\t\t\t\t<\/div>\n\t\t\t\t\t<\/div>\n\t\t<\/div>\n\t\t\t\t<div class=\"elementor-column elementor-col-50 elementor-inner-column elementor-element elementor-element-3e69214\" data-id=\"3e69214\" data-element_type=\"column\" data-e-type=\"column\">\n\t\t\t<div class=\"elementor-widget-wrap elementor-element-populated\">\n\t\t\t\t\t\t<div class=\"elementor-element elementor-element-b78f3a7 elementor-widget elementor-widget-heading\" data-id=\"b78f3a7\" data-element_type=\"widget\" data-e-type=\"widget\" data-widget_type=\"heading.default\">\n\t\t\t\t<div class=\"elementor-widget-container\">\n\t\t\t\t\t<h3 class=\"elementor-heading-title elementor-size-default\">golden roots<\/h3>\t\t\t\t<\/div>\n\t\t\t\t<\/div>\n\t\t\t\t<div class=\"elementor-element elementor-element-0a6e64a elementor-widget elementor-widget-text-editor\" data-id=\"0a6e64a\" data-element_type=\"widget\" data-e-type=\"widget\" data-widget_type=\"text-editor.default\">\n\t\t\t\t<div class=\"elementor-widget-container\">\n\t\t\t\t\t\t\t\t\t<p><em>\"I love saxophone quartets \u2013 and when they play as brilliantly as AUREUM, when the pieces are captivating, and the arrangements sound as if they were tailor-made for the saxophones, then all that glitters truly is gold.\"<\/em><\/p><p>Leonhard Paul<br \/>Trombonist, composer and arranger<\/p>\t\t\t\t\t\t\t\t<\/div>\n\t\t\t\t<\/div>\n\t\t\t\t<div class=\"elementor-element elementor-element-c6eeb24 elementor-widget elementor-widget-text-editor\" data-id=\"c6eeb24\" data-element_type=\"widget\" data-e-type=\"widget\" data-widget_type=\"text-editor.default\">\n\t\t\t\t<div class=\"elementor-widget-container\">\n\t\t\t\t\t\t\t\t\t<p><strong>golden roots<\/strong> is tradition and modernism. Folk music and art music are no more counterparts, but rather origin and development. And this with highest artistic level.<\/p>\t\t\t\t\t\t\t\t<\/div>\n\t\t\t\t<\/div>\n\t\t\t\t<div class=\"elementor-element elementor-element-bbc454e elementor-widget__width-initial elementor-widget elementor-widget-image\" data-id=\"bbc454e\" data-element_type=\"widget\" data-e-type=\"widget\" data-widget_type=\"image.default\">\n\t\t\t\t<div class=\"elementor-widget-container\">\n\t\t\t\t\t\t\t\t\t\t\t\t\t\t\t\t<a href=\"https:\/\/www.preiserrecords.at\/de\/golden-roots-aureum-saxophon-quartett.html\" target=\"_blank\">\n\t\t\t\t\t\t\t<img decoding=\"async\" data-src=\"https:\/\/www.aureumsaxophonquartett.com\/wp-content\/uploads\/2022\/07\/Preiser-Records-Logo-560-neu-560x560.jpg\" title=\"Preiser Records Logo-560-neu\" alt=\"Preiser Records Logo-560-neu\" src=\"data:image\/svg+xml;base64,PHN2ZyB3aWR0aD0iMSIgaGVpZ2h0PSIxIiB4bWxucz0iaHR0cDovL3d3dy53My5vcmcvMjAwMC9zdmciPjwvc3ZnPg==\" class=\"lazyload\" style=\"--smush-placeholder-width: 560px; --smush-placeholder-aspect-ratio: 560\/560;\" \/>\t\t\t\t\t\t\t\t<\/a>\n\t\t\t\t\t\t\t\t\t\t\t\t\t\t\t<\/div>\n\t\t\t\t<\/div>\n\t\t\t\t<div class=\"elementor-element elementor-element-0be05ce elementor-widget__width-initial elementor-widget elementor-widget-image\" data-id=\"0be05ce\" data-element_type=\"widget\" data-e-type=\"widget\" data-widget_type=\"image.default\">\n\t\t\t\t<div class=\"elementor-widget-container\">\n\t\t\t\t\t\t\t\t\t\t\t\t\t\t\t\t<a href=\"https:\/\/www.ske-fonds.at\/\" target=\"_blank\">\n\t\t\t\t\t\t\t<img decoding=\"async\" data-src=\"https:\/\/www.aureumsaxophonquartett.com\/wp-content\/uploads\/2022\/07\/SKE-560-560x560.jpg\" title=\"SKE-560\" alt=\"SKE-560\" src=\"data:image\/svg+xml;base64,PHN2ZyB3aWR0aD0iMSIgaGVpZ2h0PSIxIiB4bWxucz0iaHR0cDovL3d3dy53My5vcmcvMjAwMC9zdmciPjwvc3ZnPg==\" class=\"lazyload\" style=\"--smush-placeholder-width: 560px; --smush-placeholder-aspect-ratio: 560\/560;\" \/>\t\t\t\t\t\t\t\t<\/a>\n\t\t\t\t\t\t\t\t\t\t\t\t\t\t\t<\/div>\n\t\t\t\t<\/div>\n\t\t\t\t\t<\/div>\n\t\t<\/div>\n\t\t\t\t\t<\/div>\n\t\t<\/section>\n\t\t\t\t<section class=\"elementor-section elementor-inner-section elementor-element elementor-element-4c557ff elementor-section-boxed elementor-section-height-default elementor-section-height-default\" data-id=\"4c557ff\" data-element_type=\"section\" data-e-type=\"section\">\n\t\t\t\t\t\t<div class=\"elementor-container elementor-column-gap-default\">\n\t\t\t\t\t<div class=\"elementor-column elementor-col-50 elementor-inner-column elementor-element elementor-element-c390b30\" data-id=\"c390b30\" data-element_type=\"column\" data-e-type=\"column\">\n\t\t\t<div class=\"elementor-widget-wrap elementor-element-populated\">\n\t\t\t\t\t\t<div class=\"elementor-element elementor-element-60d609d elementor-align-center elementor-widget elementor-widget-button\" data-id=\"60d609d\" data-element_type=\"widget\" data-e-type=\"widget\" data-widget_type=\"button.default\">\n\t\t\t\t<div class=\"elementor-widget-container\">\n\t\t\t\t\t\t\t\t\t<div class=\"elementor-button-wrapper\">\n\t\t\t\t\t<a class=\"elementor-button elementor-button-link elementor-size-md elementor-animation-grow\" href=\"https:\/\/www.preiserrecords.at\/de\/golden-roots-aureum-saxophon-quartett.html\" target=\"_blank\" rel=\"nofollow\">\n\t\t\t\t\t\t<span class=\"elementor-button-content-wrapper\">\n\t\t\t\t\t\t\t\t\t<span class=\"elementor-button-text\">listen to<\/span>\n\t\t\t\t\t<\/span>\n\t\t\t\t\t<\/a>\n\t\t\t\t<\/div>\n\t\t\t\t\t\t\t\t<\/div>\n\t\t\t\t<\/div>\n\t\t\t\t\t<\/div>\n\t\t<\/div>\n\t\t\t\t<div class=\"elementor-column elementor-col-50 elementor-inner-column elementor-element elementor-element-b9bb003\" data-id=\"b9bb003\" data-element_type=\"column\" data-e-type=\"column\">\n\t\t\t<div class=\"elementor-widget-wrap elementor-element-populated\">\n\t\t\t\t\t\t<div class=\"elementor-element elementor-element-d19bf01 elementor-align-center elementor-widget elementor-widget-button\" data-id=\"d19bf01\" data-element_type=\"widget\" data-e-type=\"widget\" data-widget_type=\"button.default\">\n\t\t\t\t<div class=\"elementor-widget-container\">\n\t\t\t\t\t\t\t\t\t<div class=\"elementor-button-wrapper\">\n\t\t\t\t\t<a class=\"elementor-button elementor-button-link elementor-size-md elementor-animation-grow\" href=\"https:\/\/www.preiserrecords.at\/de\/golden-roots-aureum-saxophon-quartett.html\" target=\"_blank\" rel=\"nofollow\">\n\t\t\t\t\t\t<span class=\"elementor-button-content-wrapper\">\n\t\t\t\t\t\t\t\t\t<span class=\"elementor-button-text\">Buy now<\/span>\n\t\t\t\t\t<\/span>\n\t\t\t\t\t<\/a>\n\t\t\t\t<\/div>\n\t\t\t\t\t\t\t\t<\/div>\n\t\t\t\t<\/div>\n\t\t\t\t\t<\/div>\n\t\t<\/div>\n\t\t\t\t\t<\/div>\n\t\t<\/section>\n\t\t\t\t\t<\/div>\n\t\t<\/div>\n\t\t\t\t\t<\/div>\n\t\t<\/section>\n\t\t\t\t<\/div>","protected":false},"excerpt":{"rendered":"<p>CDs golden roots &#8222;Ich mag Saxophonquartett \u2013 und wenn es dann auch hinrei\u00dfend gut spielt wie AUREUM, wenn die St\u00fccke interessant sind und die Arrangements so klingen, als w\u00e4ren sie den Saxen auf den Leib geschrieben, dann ist eben doch alles Gold, was gl\u00e4nzt.&#8220; Leonhard PaulPosaunist, Komponist und Arrangeur golden roots ist Tradition und Moderne. [&hellip;]<\/p>\n","protected":false},"author":1,"featured_media":0,"parent":22,"menu_order":3,"comment_status":"closed","ping_status":"closed","template":"","meta":{"ocean_post_layout":"","ocean_both_sidebars_style":"","ocean_both_sidebars_content_width":0,"ocean_both_sidebars_sidebars_width":0,"ocean_sidebar":"0","ocean_second_sidebar":"0","ocean_disable_margins":"enable","ocean_add_body_class":"","ocean_shortcode_before_top_bar":"","ocean_shortcode_after_top_bar":"","ocean_shortcode_before_header":"","ocean_shortcode_after_header":"","ocean_has_shortcode":"","ocean_shortcode_after_title":"","ocean_shortcode_before_footer_widgets":"","ocean_shortcode_after_footer_widgets":"","ocean_shortcode_before_footer_bottom":"","ocean_shortcode_after_footer_bottom":"","ocean_display_top_bar":"default","ocean_display_header":"default","ocean_header_style":"","ocean_center_header_left_menu":"0","ocean_custom_header_template":"0","ocean_custom_logo":0,"ocean_custom_retina_logo":0,"ocean_custom_logo_max_width":0,"ocean_custom_logo_tablet_max_width":0,"ocean_custom_logo_mobile_max_width":0,"ocean_custom_logo_max_height":0,"ocean_custom_logo_tablet_max_height":0,"ocean_custom_logo_mobile_max_height":0,"ocean_header_custom_menu":"0","ocean_menu_typo_font_family":"0","ocean_menu_typo_font_subset":"","ocean_menu_typo_font_size":0,"ocean_menu_typo_font_size_tablet":0,"ocean_menu_typo_font_size_mobile":0,"ocean_menu_typo_font_size_unit":"px","ocean_menu_typo_font_weight":"","ocean_menu_typo_font_weight_tablet":"","ocean_menu_typo_font_weight_mobile":"","ocean_menu_typo_transform":"","ocean_menu_typo_transform_tablet":"","ocean_menu_typo_transform_mobile":"","ocean_menu_typo_line_height":0,"ocean_menu_typo_line_height_tablet":0,"ocean_menu_typo_line_height_mobile":0,"ocean_menu_typo_line_height_unit":"","ocean_menu_typo_spacing":0,"ocean_menu_typo_spacing_tablet":0,"ocean_menu_typo_spacing_mobile":0,"ocean_menu_typo_spacing_unit":"","ocean_menu_link_color":"","ocean_menu_link_color_hover":"","ocean_menu_link_color_active":"","ocean_menu_link_background":"","ocean_menu_link_hover_background":"","ocean_menu_link_active_background":"","ocean_menu_social_links_bg":"","ocean_menu_social_hover_links_bg":"","ocean_menu_social_links_color":"","ocean_menu_social_hover_links_color":"","ocean_disable_title":"default","ocean_disable_heading":"default","ocean_post_title":"","ocean_post_subheading":"","ocean_post_title_style":"","ocean_post_title_background_color":"","ocean_post_title_background":0,"ocean_post_title_bg_image_position":"","ocean_post_title_bg_image_attachment":"","ocean_post_title_bg_image_repeat":"","ocean_post_title_bg_image_size":"","ocean_post_title_height":0,"ocean_post_title_bg_overlay":0.5,"ocean_post_title_bg_overlay_color":"","ocean_disable_breadcrumbs":"default","ocean_breadcrumbs_color":"","ocean_breadcrumbs_separator_color":"","ocean_breadcrumbs_links_color":"","ocean_breadcrumbs_links_hover_color":"","ocean_display_footer_widgets":"default","ocean_display_footer_bottom":"default","ocean_custom_footer_template":"0","footnotes":""},"class_list":["post-3547","page","type-page","status-publish","hentry","entry"],"yoast_head":"<!-- This site is optimized with the Yoast SEO plugin v27.6 - https:\/\/yoast.com\/product\/yoast-seo-wordpress\/ -->\n<title>CD golden roots<\/title>\n<meta name=\"robots\" content=\"index, follow, max-snippet:-1, max-image-preview:large, max-video-preview:-1\" \/>\n<link rel=\"canonical\" href=\"https:\/\/www.aureumsaxophonquartett.com\/en\/home\/cd-golden-roots\/\" \/>\n<meta property=\"og:locale\" content=\"en_GB\" \/>\n<meta property=\"og:type\" content=\"article\" \/>\n<meta property=\"og:title\" content=\"CD golden roots\" \/>\n<meta property=\"og:description\" content=\"CDs golden roots &#8222;Ich mag Saxophonquartett \u2013 und wenn es dann auch hinrei\u00dfend gut spielt wie AUREUM, wenn die St\u00fccke interessant sind und die Arrangements so klingen, als w\u00e4ren sie den Saxen auf den Leib geschrieben, dann ist eben doch alles Gold, was gl\u00e4nzt.&#8220; Leonhard PaulPosaunist, Komponist und Arrangeur golden roots ist Tradition und Moderne. [&hellip;]\" \/>\n<meta property=\"og:url\" content=\"https:\/\/www.aureumsaxophonquartett.com\/en\/home\/cd-golden-roots\/\" \/>\n<meta property=\"og:site_name\" content=\"AUREUM Saxophon Quartett\" \/>\n<meta property=\"article:publisher\" content=\"https:\/\/www.facebook.com\/aureumsaxophonquartett\" \/>\n<meta property=\"article:modified_time\" content=\"2022-08-09T21:31:08+00:00\" \/>\n<meta property=\"og:image\" content=\"https:\/\/www.aureumsaxophonquartett.com\/wp-content\/uploads\/2022\/07\/Aureum-golden-roots-Komponisten-1024x1024.jpg\" \/>\n<meta name=\"twitter:card\" content=\"summary_large_image\" \/>\n<meta name=\"twitter:label1\" content=\"Estimated reading time\" \/>\n\t<meta name=\"twitter:data1\" content=\"2 minutes\" \/>\n<script type=\"application\/ld+json\" class=\"yoast-schema-graph\">{\"@context\":\"https:\\\/\\\/schema.org\",\"@graph\":[{\"@type\":\"WebPage\",\"@id\":\"https:\\\/\\\/www.aureumsaxophonquartett.com\\\/home\\\/cd-golden-roots\\\/\",\"url\":\"https:\\\/\\\/www.aureumsaxophonquartett.com\\\/home\\\/cd-golden-roots\\\/\",\"name\":\"CD golden roots\",\"isPartOf\":{\"@id\":\"https:\\\/\\\/www.aureumsaxophonquartett.com\\\/en\\\/#website\"},\"primaryImageOfPage\":{\"@id\":\"https:\\\/\\\/www.aureumsaxophonquartett.com\\\/home\\\/cd-golden-roots\\\/#primaryimage\"},\"image\":{\"@id\":\"https:\\\/\\\/www.aureumsaxophonquartett.com\\\/home\\\/cd-golden-roots\\\/#primaryimage\"},\"thumbnailUrl\":\"https:\\\/\\\/www.aureumsaxophonquartett.com\\\/wp-content\\\/uploads\\\/2022\\\/07\\\/Aureum-golden-roots-Komponisten-1024x1024.jpg\",\"datePublished\":\"2022-08-09T21:00:20+00:00\",\"dateModified\":\"2022-08-09T21:31:08+00:00\",\"breadcrumb\":{\"@id\":\"https:\\\/\\\/www.aureumsaxophonquartett.com\\\/home\\\/cd-golden-roots\\\/#breadcrumb\"},\"inLanguage\":\"en-GB\",\"potentialAction\":[{\"@type\":\"ReadAction\",\"target\":[\"https:\\\/\\\/www.aureumsaxophonquartett.com\\\/home\\\/cd-golden-roots\\\/\"]}]},{\"@type\":\"ImageObject\",\"inLanguage\":\"en-GB\",\"@id\":\"https:\\\/\\\/www.aureumsaxophonquartett.com\\\/home\\\/cd-golden-roots\\\/#primaryimage\",\"url\":\"https:\\\/\\\/www.aureumsaxophonquartett.com\\\/wp-content\\\/uploads\\\/2022\\\/07\\\/Aureum-golden-roots-Komponisten-1024x1024.jpg\",\"contentUrl\":\"https:\\\/\\\/www.aureumsaxophonquartett.com\\\/wp-content\\\/uploads\\\/2022\\\/07\\\/Aureum-golden-roots-Komponisten-1024x1024.jpg\"},{\"@type\":\"BreadcrumbList\",\"@id\":\"https:\\\/\\\/www.aureumsaxophonquartett.com\\\/home\\\/cd-golden-roots\\\/#breadcrumb\",\"itemListElement\":[{\"@type\":\"ListItem\",\"position\":1,\"name\":\"Startseite\",\"item\":\"https:\\\/\\\/www.aureumsaxophonquartett.com\\\/\"},{\"@type\":\"ListItem\",\"position\":2,\"name\":\"Home\",\"item\":\"https:\\\/\\\/www.aureumsaxophonquartett.com\\\/\"},{\"@type\":\"ListItem\",\"position\":3,\"name\":\"CD golden roots\"}]},{\"@type\":\"WebSite\",\"@id\":\"https:\\\/\\\/www.aureumsaxophonquartett.com\\\/en\\\/#website\",\"url\":\"https:\\\/\\\/www.aureumsaxophonquartett.com\\\/en\\\/\",\"name\":\"AUREUM Saxophon Quartett\",\"description\":\"\",\"publisher\":{\"@id\":\"https:\\\/\\\/www.aureumsaxophonquartett.com\\\/en\\\/#organization\"},\"potentialAction\":[{\"@type\":\"SearchAction\",\"target\":{\"@type\":\"EntryPoint\",\"urlTemplate\":\"https:\\\/\\\/www.aureumsaxophonquartett.com\\\/en\\\/?s={search_term_string}\"},\"query-input\":{\"@type\":\"PropertyValueSpecification\",\"valueRequired\":true,\"valueName\":\"search_term_string\"}}],\"inLanguage\":\"en-GB\"},{\"@type\":\"Organization\",\"@id\":\"https:\\\/\\\/www.aureumsaxophonquartett.com\\\/en\\\/#organization\",\"name\":\"AUREUM Saxophon Quartett\",\"url\":\"https:\\\/\\\/www.aureumsaxophonquartett.com\\\/en\\\/\",\"logo\":{\"@type\":\"ImageObject\",\"inLanguage\":\"en-GB\",\"@id\":\"https:\\\/\\\/www.aureumsaxophonquartett.com\\\/en\\\/#\\\/schema\\\/logo\\\/image\\\/\",\"url\":\"https:\\\/\\\/www.aureumsaxophonquartett.com\\\/wp-content\\\/uploads\\\/2022\\\/08\\\/AUREUM-Logo_schwarz-gold-scaled.jpg\",\"contentUrl\":\"https:\\\/\\\/www.aureumsaxophonquartett.com\\\/wp-content\\\/uploads\\\/2022\\\/08\\\/AUREUM-Logo_schwarz-gold-scaled.jpg\",\"width\":2560,\"height\":1810,\"caption\":\"AUREUM Saxophon Quartett\"},\"image\":{\"@id\":\"https:\\\/\\\/www.aureumsaxophonquartett.com\\\/en\\\/#\\\/schema\\\/logo\\\/image\\\/\"},\"sameAs\":[\"https:\\\/\\\/www.facebook.com\\\/aureumsaxophonquartett\",\"https:\\\/\\\/www.instagram.com\\\/aureumsaxophone\",\"https:\\\/\\\/open.spotify.com\\\/artist\\\/4dUqNj3HhHH96Szu5lRdhg?si=fpNcUE_KSuqkTb8u-J5Ojg\"]}]}<\/script>\n<!-- \/ Yoast SEO plugin. -->","yoast_head_json":{"title":"CD golden roots","robots":{"index":"index","follow":"follow","max-snippet":"max-snippet:-1","max-image-preview":"max-image-preview:large","max-video-preview":"max-video-preview:-1"},"canonical":"https:\/\/www.aureumsaxophonquartett.com\/en\/home\/cd-golden-roots\/","og_locale":"en_GB","og_type":"article","og_title":"CD golden roots","og_description":"CDs golden roots &#8222;Ich mag Saxophonquartett \u2013 und wenn es dann auch hinrei\u00dfend gut spielt wie AUREUM, wenn die St\u00fccke interessant sind und die Arrangements so klingen, als w\u00e4ren sie den Saxen auf den Leib geschrieben, dann ist eben doch alles Gold, was gl\u00e4nzt.&#8220; Leonhard PaulPosaunist, Komponist und Arrangeur golden roots ist Tradition und Moderne. [&hellip;]","og_url":"https:\/\/www.aureumsaxophonquartett.com\/en\/home\/cd-golden-roots\/","og_site_name":"AUREUM Saxophon Quartett","article_publisher":"https:\/\/www.facebook.com\/aureumsaxophonquartett","article_modified_time":"2022-08-09T21:31:08+00:00","og_image":[{"url":"https:\/\/www.aureumsaxophonquartett.com\/wp-content\/uploads\/2022\/07\/Aureum-golden-roots-Komponisten-1024x1024.jpg","type":"","width":"","height":""}],"twitter_card":"summary_large_image","twitter_misc":{"Estimated reading time":"2 minutes"},"schema":{"@context":"https:\/\/schema.org","@graph":[{"@type":"WebPage","@id":"https:\/\/www.aureumsaxophonquartett.com\/home\/cd-golden-roots\/","url":"https:\/\/www.aureumsaxophonquartett.com\/home\/cd-golden-roots\/","name":"CD golden roots","isPartOf":{"@id":"https:\/\/www.aureumsaxophonquartett.com\/en\/#website"},"primaryImageOfPage":{"@id":"https:\/\/www.aureumsaxophonquartett.com\/home\/cd-golden-roots\/#primaryimage"},"image":{"@id":"https:\/\/www.aureumsaxophonquartett.com\/home\/cd-golden-roots\/#primaryimage"},"thumbnailUrl":"https:\/\/www.aureumsaxophonquartett.com\/wp-content\/uploads\/2022\/07\/Aureum-golden-roots-Komponisten-1024x1024.jpg","datePublished":"2022-08-09T21:00:20+00:00","dateModified":"2022-08-09T21:31:08+00:00","breadcrumb":{"@id":"https:\/\/www.aureumsaxophonquartett.com\/home\/cd-golden-roots\/#breadcrumb"},"inLanguage":"en-GB","potentialAction":[{"@type":"ReadAction","target":["https:\/\/www.aureumsaxophonquartett.com\/home\/cd-golden-roots\/"]}]},{"@type":"ImageObject","inLanguage":"en-GB","@id":"https:\/\/www.aureumsaxophonquartett.com\/home\/cd-golden-roots\/#primaryimage","url":"https:\/\/www.aureumsaxophonquartett.com\/wp-content\/uploads\/2022\/07\/Aureum-golden-roots-Komponisten-1024x1024.jpg","contentUrl":"https:\/\/www.aureumsaxophonquartett.com\/wp-content\/uploads\/2022\/07\/Aureum-golden-roots-Komponisten-1024x1024.jpg"},{"@type":"BreadcrumbList","@id":"https:\/\/www.aureumsaxophonquartett.com\/home\/cd-golden-roots\/#breadcrumb","itemListElement":[{"@type":"ListItem","position":1,"name":"Startseite","item":"https:\/\/www.aureumsaxophonquartett.com\/"},{"@type":"ListItem","position":2,"name":"Home","item":"https:\/\/www.aureumsaxophonquartett.com\/"},{"@type":"ListItem","position":3,"name":"CD golden roots"}]},{"@type":"WebSite","@id":"https:\/\/www.aureumsaxophonquartett.com\/en\/#website","url":"https:\/\/www.aureumsaxophonquartett.com\/en\/","name":"AUREUM Saxophon Quartett","description":"","publisher":{"@id":"https:\/\/www.aureumsaxophonquartett.com\/en\/#organization"},"potentialAction":[{"@type":"SearchAction","target":{"@type":"EntryPoint","urlTemplate":"https:\/\/www.aureumsaxophonquartett.com\/en\/?s={search_term_string}"},"query-input":{"@type":"PropertyValueSpecification","valueRequired":true,"valueName":"search_term_string"}}],"inLanguage":"en-GB"},{"@type":"Organization","@id":"https:\/\/www.aureumsaxophonquartett.com\/en\/#organization","name":"AUREUM Saxophon Quartett","url":"https:\/\/www.aureumsaxophonquartett.com\/en\/","logo":{"@type":"ImageObject","inLanguage":"en-GB","@id":"https:\/\/www.aureumsaxophonquartett.com\/en\/#\/schema\/logo\/image\/","url":"https:\/\/www.aureumsaxophonquartett.com\/wp-content\/uploads\/2022\/08\/AUREUM-Logo_schwarz-gold-scaled.jpg","contentUrl":"https:\/\/www.aureumsaxophonquartett.com\/wp-content\/uploads\/2022\/08\/AUREUM-Logo_schwarz-gold-scaled.jpg","width":2560,"height":1810,"caption":"AUREUM Saxophon Quartett"},"image":{"@id":"https:\/\/www.aureumsaxophonquartett.com\/en\/#\/schema\/logo\/image\/"},"sameAs":["https:\/\/www.facebook.com\/aureumsaxophonquartett","https:\/\/www.instagram.com\/aureumsaxophone","https:\/\/open.spotify.com\/artist\/4dUqNj3HhHH96Szu5lRdhg?si=fpNcUE_KSuqkTb8u-J5Ojg"]}]}},"_links":{"self":[{"href":"https:\/\/www.aureumsaxophonquartett.com\/en\/wp-json\/wp\/v2\/pages\/3547","targetHints":{"allow":["GET"]}}],"collection":[{"href":"https:\/\/www.aureumsaxophonquartett.com\/en\/wp-json\/wp\/v2\/pages"}],"about":[{"href":"https:\/\/www.aureumsaxophonquartett.com\/en\/wp-json\/wp\/v2\/types\/page"}],"author":[{"embeddable":true,"href":"https:\/\/www.aureumsaxophonquartett.com\/en\/wp-json\/wp\/v2\/users\/1"}],"replies":[{"embeddable":true,"href":"https:\/\/www.aureumsaxophonquartett.com\/en\/wp-json\/wp\/v2\/comments?post=3547"}],"version-history":[{"count":0,"href":"https:\/\/www.aureumsaxophonquartett.com\/en\/wp-json\/wp\/v2\/pages\/3547\/revisions"}],"up":[{"embeddable":true,"href":"https:\/\/www.aureumsaxophonquartett.com\/en\/wp-json\/wp\/v2\/pages\/22"}],"wp:attachment":[{"href":"https:\/\/www.aureumsaxophonquartett.com\/en\/wp-json\/wp\/v2\/media?parent=3547"}],"curies":[{"name":"wp","href":"https:\/\/api.w.org\/{rel}","templated":true}]}}